{"id":4770,"date":"2026-02-09T15:28:36","date_gmt":"2026-02-09T18:28:36","guid":{"rendered":"https:\/\/agatres.co\/product\/lattafa-khamrah-100ml\/"},"modified":"2026-04-30T13:02:12","modified_gmt":"2026-04-30T17:02:12","slug":"lattafa-khamrah-100ml","status":"publish","type":"product","link":"https:\/\/agatres.co\/pt\/producto\/lattafa-khamrah-100ml\/","title":{"rendered":"Perfume Lattafa Khamrah &#8211; Unisex EDP 100mL"},"content":{"rendered":"<p data-start=\"308\" data-end=\"607\">El Perfume Lattafa Khamrah destaca por su combinaci\u00f3n de notas dulces, especiadas y ambaradas, ofreciendo una experiencia intensa, c\u00e1lida y altamente envolvente. Inspirado en acordes gourmand y orientales, esta fragancia transmite lujo, sofisticaci\u00f3n y un car\u00e1cter irresistible.<\/p>\n<p data-start=\"609\" data-end=\"1013\">Desde la primera aplicaci\u00f3n, se percibe una apertura dulce y especiada con matices de canela y notas c\u00e1lidas que aportan un impacto atractivo y delicioso. A medida que evoluciona, el aroma revela un coraz\u00f3n rico con acordes gourmand y toques cremosos que aportan profundidad y elegancia. Finalmente, su base de vainilla, \u00e1mbar, pralin\u00e9 y maderas crea una estela duradera, intensa y altamente seductora.<\/p>\n<p data-start=\"1015\" data-end=\"1277\">Gracias a su excelente fijaci\u00f3n y proyecci\u00f3n alta, este perfume es ideal para ocasiones especiales, noches o climas frescos. Su car\u00e1cter dulce y sofisticado lo convierte en una excelente opci\u00f3n para quienes buscan una fragancia moderna, envolvente y memorable.<\/p>\n<p data-start=\"1279\" data-end=\"1386\">Este perfume es ideal para quienes desean destacar con una fragancia lujosa, c\u00e1lida y con gran presencia.<\/p>","protected":false},"excerpt":{"rendered":"<p>Perfume Lattafa Khamrah es una fragancia para hombre y mujeres con notas dulces, especiadas y ambaradas. Aroma c\u00e1lido, gourmand y sofisticado, ideal para d\u00eda y noche.<\/p>","protected":false},"featured_media":24802,"template":"","meta":{"_acf_changed":false,"rs_blank_template":"","rs_page_bg_color":"","slide_template_v7":""},"product_brand":[90],"product_cat":[88,233],"product_tag":[],"woo-feed-brand":[],"class_list":{"0":"post-4770","1":"product","2":"type-product","3":"status-publish","4":"has-post-thumbnail","6":"product_brand-lattafa","7":"product_cat-perfumes","8":"product_cat-unisex","10":"first","11":"instock","12":"purchasable","13":"product-type-simple"},"acf":[],"_links":{"self":[{"href":"https:\/\/agatres.co\/pt\/wp-json\/wp\/v2\/product\/4770","targetHints":{"allow":["GET"]}}],"collection":[{"href":"https:\/\/agatres.co\/pt\/wp-json\/wp\/v2\/product"}],"about":[{"href":"https:\/\/agatres.co\/pt\/wp-json\/wp\/v2\/types\/product"}],"version-history":[{"count":2,"href":"https:\/\/agatres.co\/pt\/wp-json\/wp\/v2\/product\/4770\/revisions"}],"predecessor-version":[{"id":25641,"href":"https:\/\/agatres.co\/pt\/wp-json\/wp\/v2\/product\/4770\/revisions\/25641"}],"wp:featuredmedia":[{"embeddable":true,"href":"https:\/\/agatres.co\/pt\/wp-json\/wp\/v2\/media\/24802"}],"wp:attachment":[{"href":"https:\/\/agatres.co\/pt\/wp-json\/wp\/v2\/media?parent=4770"}],"wp:term":[{"taxonomy":"product_brand","embeddable":true,"href":"https:\/\/agatres.co\/pt\/wp-json\/wp\/v2\/product_brand?post=4770"},{"taxonomy":"product_cat","embeddable":true,"href":"https:\/\/agatres.co\/pt\/wp-json\/wp\/v2\/product_cat?post=4770"},{"taxonomy":"product_tag","embeddable":true,"href":"https:\/\/agatres.co\/pt\/wp-json\/wp\/v2\/product_tag?post=4770"},{"taxonomy":"woo-feed-brand","embeddable":true,"href":"https:\/\/agatres.co\/pt\/wp-json\/wp\/v2\/woo-feed-brand?post=4770"}],"curies":[{"name":"wp","href":"https:\/\/api.w.org\/{rel}","templated":true}]}}