{"id":4891,"date":"2026-03-08T14:44:40","date_gmt":"2026-03-08T17:44:40","guid":{"rendered":"https:\/\/agatres.co\/product\/lattafa-emeer-100ml\/"},"modified":"2026-05-08T10:32:58","modified_gmt":"2026-05-08T14:32:58","slug":"lattafa-emeer-100ml","status":"publish","type":"product","link":"https:\/\/agatres.co\/pt\/producto\/lattafa-emeer-100ml\/","title":{"rendered":"Perfume Lattafa Emeer &#8211; Unisex EDP 100mL"},"content":{"rendered":"<p><span id=\"docs-internal-guid-6d94c694-7fff-6bc7-66a3-49de77016fc2\"><\/p>\n<p dir=\"ltr\" style=\"line-height: 1.38; margin-top: 12pt; margin-bottom: 12pt;\"><span style=\"font-size: 11pt; font-family: Arial, sans-serif; background-color: transparent; font-variant: normal; vertical-align: baseline; white-space: pre-wrap;\">El <\/span><span style=\"font-size: 11pt; font-family: Arial, sans-serif; background-color: transparent; font-variant: normal; vertical-align: baseline; white-space: pre-wrap;\">Perfume Lattafa Emeer &#8211; Unisex EDP 100mL<\/span><span style=\"font-size: 11pt; font-family: Arial, sans-serif; background-color: transparent; font-variant: normal; vertical-align: baseline; white-space: pre-wrap;\"> es una fragancia unisex que destaca por su sofisticada combinaci\u00f3n de notas c\u00edtricas, arom\u00e1ticas y amaderadas. Lanzado en 2024, este perfume ofrece una experiencia fresca, elegante y moderna, ideal para quienes buscan versatilidad con un toque refinado.<\/span><\/p>\n<p dir=\"ltr\" style=\"line-height: 1.38; margin-top: 12pt; margin-bottom: 12pt;\"><span style=\"font-size: 11pt; font-family: Arial, sans-serif; background-color: transparent; font-variant: normal; vertical-align: baseline; white-space: pre-wrap;\">Desde la primera aplicaci\u00f3n, se percibe una apertura luminosa y fresca con <\/span><span style=\"font-size: 11pt; font-family: Arial, sans-serif; background-color: transparent; font-variant: normal; vertical-align: baseline; white-space: pre-wrap;\">bergamota, lim\u00f3n, bayas de enebro y esclarea<\/span><span style=\"font-size: 11pt; font-family: Arial, sans-serif; background-color: transparent; font-variant: normal; vertical-align: baseline; white-space: pre-wrap;\">, aportando un efecto c\u00edtrico, herbal y vibrante. A medida que evoluciona, el aroma revela un coraz\u00f3n elegante compuesto por <\/span><span style=\"font-size: 11pt; font-family: Arial, sans-serif; background-color: transparent; font-variant: normal; vertical-align: baseline; white-space: pre-wrap;\">t\u00e9 blanco, s\u00e1ndalo, cardamomo y ol\u00edbano<\/span><span style=\"font-size: 11pt; font-family: Arial, sans-serif; background-color: transparent; font-variant: normal; vertical-align: baseline; white-space: pre-wrap;\">, brindando una sensaci\u00f3n suave, especiada y sofisticada. Finalmente, su base de <\/span><span style=\"font-size: 11pt; font-family: Arial, sans-serif; background-color: transparent; font-variant: normal; vertical-align: baseline; white-space: pre-wrap;\">\u00e1mbar gris, cachemira, pachul\u00ed y cedro<\/span><span style=\"font-size: 11pt; font-family: Arial, sans-serif; background-color: transparent; font-variant: normal; vertical-align: baseline; white-space: pre-wrap;\"> crea una estela c\u00e1lida, amaderada y duradera, con un acabado limpio y moderno.<\/span><\/p>\n<p dir=\"ltr\" style=\"line-height: 1.38; margin-top: 12pt; margin-bottom: 12pt;\"><span style=\"font-size: 11pt; font-family: Arial, sans-serif; background-color: transparent; font-variant: normal; vertical-align: baseline; white-space: pre-wrap;\">Gracias a su buena fijaci\u00f3n y proyecci\u00f3n moderada, este perfume es ideal tanto para uso diario como para ocasiones especiales. Su perfil fresco-amaderado lo convierte en una excelente opci\u00f3n para quienes buscan una fragancia elegante, vers\u00e1til y f\u00e1cil de usar en cualquier temporada.<\/span><\/p>\n<p dir=\"ltr\" style=\"line-height: 1.38; margin-top: 12pt; margin-bottom: 12pt;\"><span style=\"font-size: 11pt; font-family: Arial, sans-serif; background-color: transparent; font-variant: normal; vertical-align: baseline; white-space: pre-wrap;\">Este perfume es ideal para quienes desean destacar con una fragancia moderna, sofisticada y memorable.<\/span><\/p>\n<p><\/span><\/p>","protected":false},"excerpt":{"rendered":"<p>Perfume Lattafa Emeer es un perfume unisex con notas de bergamota, t\u00e9 blanco y \u00e1mbar gris. Fragancia fresca, elegante y amaderada, ideal para d\u00eda y noche.<\/p>","protected":false},"featured_media":18581,"template":"","meta":{"_acf_changed":false,"rs_blank_template":"","rs_page_bg_color":"","slide_template_v7":""},"product_brand":[90],"product_cat":[88,233],"product_tag":[],"woo-feed-brand":[],"class_list":{"0":"post-4891","1":"product","2":"type-product","3":"status-publish","4":"has-post-thumbnail","6":"product_brand-lattafa","7":"product_cat-perfumes","8":"product_cat-unisex","10":"first","11":"instock","12":"purchasable","13":"product-type-simple"},"acf":[],"_links":{"self":[{"href":"https:\/\/agatres.co\/pt\/wp-json\/wp\/v2\/product\/4891","targetHints":{"allow":["GET"]}}],"collection":[{"href":"https:\/\/agatres.co\/pt\/wp-json\/wp\/v2\/product"}],"about":[{"href":"https:\/\/agatres.co\/pt\/wp-json\/wp\/v2\/types\/product"}],"version-history":[{"count":2,"href":"https:\/\/agatres.co\/pt\/wp-json\/wp\/v2\/product\/4891\/revisions"}],"predecessor-version":[{"id":18580,"href":"https:\/\/agatres.co\/pt\/wp-json\/wp\/v2\/product\/4891\/revisions\/18580"}],"wp:featuredmedia":[{"embeddable":true,"href":"https:\/\/agatres.co\/pt\/wp-json\/wp\/v2\/media\/18581"}],"wp:attachment":[{"href":"https:\/\/agatres.co\/pt\/wp-json\/wp\/v2\/media?parent=4891"}],"wp:term":[{"taxonomy":"product_brand","embeddable":true,"href":"https:\/\/agatres.co\/pt\/wp-json\/wp\/v2\/product_brand?post=4891"},{"taxonomy":"product_cat","embeddable":true,"href":"https:\/\/agatres.co\/pt\/wp-json\/wp\/v2\/product_cat?post=4891"},{"taxonomy":"product_tag","embeddable":true,"href":"https:\/\/agatres.co\/pt\/wp-json\/wp\/v2\/product_tag?post=4891"},{"taxonomy":"woo-feed-brand","embeddable":true,"href":"https:\/\/agatres.co\/pt\/wp-json\/wp\/v2\/woo-feed-brand?post=4891"}],"curies":[{"name":"wp","href":"https:\/\/api.w.org\/{rel}","templated":true}]}}