{"id":5128,"date":"2026-03-08T14:32:49","date_gmt":"2026-03-08T17:32:49","guid":{"rendered":"https:\/\/agatres.co\/product\/afnan-9pm-black-men\/"},"modified":"2026-04-18T09:02:15","modified_gmt":"2026-04-18T13:02:15","slug":"afnan-9pm-black-men","status":"publish","type":"product","link":"https:\/\/agatres.co\/pt\/producto\/afnan-9pm-black-men\/","title":{"rendered":"AFNAN 9PM BLACK MEN"},"content":{"rendered":"<p data-start=\"321\" data-end=\"641\">El <span data-start=\"324\" data-end=\"347\">Afnan 9PM Black Men<\/span> es una fragancia masculina intensa y sofisticada que combina notas dulces, especiadas y amaderadas para crear un aroma moderno y seductor. Dise\u00f1ado para quienes buscan destacar con una fragancia elegante, este perfume ofrece una presencia envolvente ideal para la noche o ocasiones especiales.<\/p>\n<p data-start=\"643\" data-end=\"922\">Desde su apertura, el perfume presenta un contraste atractivo entre notas frescas y especiadas que evolucionan hacia un coraz\u00f3n c\u00e1lido y dulce. A medida que la fragancia se desarrolla, aparecen acordes profundos y amaderados que aportan car\u00e1cter, elegancia y una estela duradera.<\/p>\n<p data-start=\"924\" data-end=\"1144\">El <span data-start=\"927\" data-end=\"950\">Afnan 9PM Black Men<\/span> es una excelente opci\u00f3n para quienes buscan un perfume masculino con personalidad, ideal para salidas nocturnas, eventos especiales o momentos en los que se desea dejar una impresi\u00f3n memorable.<\/p>\n<p data-start=\"924\" data-end=\"1144\"><b>CARACTER\u00cdSTICAS<\/b><\/p>\n<li data-section-id=\"14xnd9h\" data-start=\"1170\" data-end=\"1232\">\n<ul>\n<li>Fragancia masculina con perfil oriental dulce y amaderado.<\/li>\n<li>Aroma intenso con excelente duraci\u00f3n y proyecci\u00f3n.<\/li>\n<li>Combinaci\u00f3n equilibrada entre notas frescas, especiadas y c\u00e1lidas.<\/li>\n<li>Ideal para uso nocturno o climas frescos.<\/li>\n<li>Perfume elegante y moderno para hombres.<\/li>\n<li>Estela seductora que destaca en ocasiones especiales.<\/li>\n<\/ul>\n<\/li>\n<p data-start=\"924\" data-end=\"1144\"><b>NOTAS OLFATIVAS<\/b><\/p>\n<ul>\n<li><span data-start=\"1531\" data-end=\"1551\">Notas de salida:\u00a0<\/span>Bergamota, lavanda y manzana.<\/li>\n<li><span data-start=\"1585\" data-end=\"1606\">Notas de coraz\u00f3n:\u00a0<\/span>Canela, flor de azahar y notas especiadas.<\/li>\n<li><span data-start=\"1653\" data-end=\"1672\">Notas de fondo:\u00a0<\/span>Vainilla, \u00e1mbar, pachul\u00ed y haba tonka.<\/li>\n<\/ul>","protected":false},"excerpt":{"rendered":"<p>El Afnan 9PM Black Men es una fragancia masculina intensa y sofisticada que combina notas dulces, especiadas y amaderadas para<\/p>","protected":false},"featured_media":17383,"template":"","meta":{"_acf_changed":false,"rs_blank_template":"","rs_page_bg_color":"","slide_template_v7":""},"product_brand":[94],"product_cat":[231,88],"product_tag":[],"woo-feed-brand":[],"class_list":{"0":"post-5128","1":"product","2":"type-product","3":"status-publish","4":"has-post-thumbnail","6":"product_brand-afnan","7":"product_cat-masculino","8":"product_cat-perfumes","10":"first","11":"instock","12":"purchasable","13":"product-type-simple"},"acf":[],"_links":{"self":[{"href":"https:\/\/agatres.co\/pt\/wp-json\/wp\/v2\/product\/5128","targetHints":{"allow":["GET"]}}],"collection":[{"href":"https:\/\/agatres.co\/pt\/wp-json\/wp\/v2\/product"}],"about":[{"href":"https:\/\/agatres.co\/pt\/wp-json\/wp\/v2\/types\/product"}],"version-history":[{"count":6,"href":"https:\/\/agatres.co\/pt\/wp-json\/wp\/v2\/product\/5128\/revisions"}],"predecessor-version":[{"id":24664,"href":"https:\/\/agatres.co\/pt\/wp-json\/wp\/v2\/product\/5128\/revisions\/24664"}],"wp:featuredmedia":[{"embeddable":true,"href":"https:\/\/agatres.co\/pt\/wp-json\/wp\/v2\/media\/17383"}],"wp:attachment":[{"href":"https:\/\/agatres.co\/pt\/wp-json\/wp\/v2\/media?parent=5128"}],"wp:term":[{"taxonomy":"product_brand","embeddable":true,"href":"https:\/\/agatres.co\/pt\/wp-json\/wp\/v2\/product_brand?post=5128"},{"taxonomy":"product_cat","embeddable":true,"href":"https:\/\/agatres.co\/pt\/wp-json\/wp\/v2\/product_cat?post=5128"},{"taxonomy":"product_tag","embeddable":true,"href":"https:\/\/agatres.co\/pt\/wp-json\/wp\/v2\/product_tag?post=5128"},{"taxonomy":"woo-feed-brand","embeddable":true,"href":"https:\/\/agatres.co\/pt\/wp-json\/wp\/v2\/woo-feed-brand?post=5128"}],"curies":[{"name":"wp","href":"https:\/\/api.w.org\/{rel}","templated":true}]}}