{"id":5230,"date":"2026-03-08T14:43:32","date_gmt":"2026-03-08T17:43:32","guid":{"rendered":"https:\/\/agatres.co\/product\/lattafa-his-confession-masc\/"},"modified":"2026-04-22T14:46:12","modified_gmt":"2026-04-22T18:46:12","slug":"lattafa-his-confession-masc-100ml","status":"publish","type":"product","link":"https:\/\/agatres.co\/pt\/producto\/lattafa-his-confession-masc-100ml\/","title":{"rendered":"Perfume Lattafa His Confession &#8211; Masculino EDP 100mL"},"content":{"rendered":"<p><span id=\"docs-internal-guid-2088c4ed-7fff-a996-aa1e-a976b8df61f5\"><\/p>\n<p dir=\"ltr\" style=\"line-height: 1.38; margin-top: 12pt; margin-bottom: 12pt;\"><span style=\"font-size: 11pt; font-family: Arial, sans-serif; background-color: transparent; font-variant: normal; vertical-align: baseline; white-space: pre-wrap;\">El <\/span><span style=\"font-size: 11pt; font-family: Arial, sans-serif; background-color: transparent; font-variant: normal; vertical-align: baseline; white-space: pre-wrap;\">Perfume Lattafa His Confession &#8211; Masculino EDP 100mL<\/span><span style=\"font-size: 11pt; font-family: Arial, sans-serif; background-color: transparent; font-variant: normal; vertical-align: baseline; white-space: pre-wrap;\"> es una fragancia masculina que destaca por su sofisticada combinaci\u00f3n de notas especiadas, florales y amaderadas. Dise\u00f1ado para hombres que buscan un aroma elegante y con car\u00e1cter, este perfume ofrece una experiencia intensa, moderna y altamente envolvente.<\/span><\/p>\n<p dir=\"ltr\" style=\"line-height: 1.38; margin-top: 12pt; margin-bottom: 12pt;\"><span style=\"font-size: 11pt; font-family: Arial, sans-serif; background-color: transparent; font-variant: normal; vertical-align: baseline; white-space: pre-wrap;\">Desde la primera aplicaci\u00f3n, se percibe una apertura vibrante con <\/span><span style=\"font-size: 11pt; font-family: Arial, sans-serif; background-color: transparent; font-variant: normal; vertical-align: baseline; white-space: pre-wrap;\">mandarina, canela y lavanda<\/span><span style=\"font-size: 11pt; font-family: Arial, sans-serif; background-color: transparent; font-variant: normal; vertical-align: baseline; white-space: pre-wrap;\">, aportando un efecto c\u00edtrico, especiado y arom\u00e1tico que captura la atenci\u00f3n de inmediato. A medida que evoluciona, el aroma revela un coraz\u00f3n refinado compuesto por <\/span><span style=\"font-size: 11pt; font-family: Arial, sans-serif; background-color: transparent; font-variant: normal; vertical-align: baseline; white-space: pre-wrap;\">iris, benju\u00ed, cipr\u00e9s y mahonial<\/span><span style=\"font-size: 11pt; font-family: Arial, sans-serif; background-color: transparent; font-variant: normal; vertical-align: baseline; white-space: pre-wrap;\">, brindando una sensaci\u00f3n elegante, ligeramente dulce y sofisticada. Finalmente, su base de <\/span><span style=\"font-size: 11pt; font-family: Arial, sans-serif; background-color: transparent; font-variant: normal; vertical-align: baseline; white-space: pre-wrap;\">vainilla, haba tonka, \u00e1mbar, cedro, incienso y pachul\u00ed<\/span><span style=\"font-size: 11pt; font-family: Arial, sans-serif; background-color: transparent; font-variant: normal; vertical-align: baseline; white-space: pre-wrap;\"> crea una estela c\u00e1lida, profunda y duradera, con un fondo oriental-amaderado muy seductor.<\/span><\/p>\n<p dir=\"ltr\" style=\"line-height: 1.38; margin-top: 12pt; margin-bottom: 12pt;\"><span style=\"font-size: 11pt; font-family: Arial, sans-serif; background-color: transparent; font-variant: normal; vertical-align: baseline; white-space: pre-wrap;\">Gracias a su excelente fijaci\u00f3n y proyecci\u00f3n moderada a alta, este perfume es ideal para uso nocturno, ocasiones especiales o climas frescos. Su perfil equilibrado entre frescura y calidez lo convierte en una excelente opci\u00f3n para quienes buscan una fragancia masculina elegante y vers\u00e1til.<\/span><\/p>\n<p dir=\"ltr\" style=\"line-height: 1.38; margin-top: 12pt; margin-bottom: 12pt;\"><span style=\"font-size: 11pt; font-family: Arial, sans-serif; background-color: transparent; font-variant: normal; vertical-align: baseline; white-space: pre-wrap;\">Este perfume es ideal para quienes desean destacar con una fragancia sofisticada, intensa y memorable.<\/span><\/p>\n<p><\/span><\/p>","protected":false},"excerpt":{"rendered":"<p>Perfume Lattafa His Confession es un perfume masculino con notas de mandarina, canela y vainilla. Fragancia intensa, especiada y elegante, ideal para d\u00eda y noche.<\/p>","protected":false},"featured_media":18464,"template":"","meta":{"_acf_changed":false,"rs_blank_template":"","rs_page_bg_color":"","slide_template_v7":""},"product_brand":[90],"product_cat":[231,88],"product_tag":[],"woo-feed-brand":[],"class_list":{"0":"post-5230","1":"product","2":"type-product","3":"status-publish","4":"has-post-thumbnail","6":"product_brand-lattafa","7":"product_cat-masculino","8":"product_cat-perfumes","10":"first","11":"instock","12":"purchasable","13":"product-type-simple"},"acf":[],"_links":{"self":[{"href":"https:\/\/agatres.co\/pt\/wp-json\/wp\/v2\/product\/5230","targetHints":{"allow":["GET"]}}],"collection":[{"href":"https:\/\/agatres.co\/pt\/wp-json\/wp\/v2\/product"}],"about":[{"href":"https:\/\/agatres.co\/pt\/wp-json\/wp\/v2\/types\/product"}],"version-history":[{"count":7,"href":"https:\/\/agatres.co\/pt\/wp-json\/wp\/v2\/product\/5230\/revisions"}],"predecessor-version":[{"id":24497,"href":"https:\/\/agatres.co\/pt\/wp-json\/wp\/v2\/product\/5230\/revisions\/24497"}],"wp:featuredmedia":[{"embeddable":true,"href":"https:\/\/agatres.co\/pt\/wp-json\/wp\/v2\/media\/18464"}],"wp:attachment":[{"href":"https:\/\/agatres.co\/pt\/wp-json\/wp\/v2\/media?parent=5230"}],"wp:term":[{"taxonomy":"product_brand","embeddable":true,"href":"https:\/\/agatres.co\/pt\/wp-json\/wp\/v2\/product_brand?post=5230"},{"taxonomy":"product_cat","embeddable":true,"href":"https:\/\/agatres.co\/pt\/wp-json\/wp\/v2\/product_cat?post=5230"},{"taxonomy":"product_tag","embeddable":true,"href":"https:\/\/agatres.co\/pt\/wp-json\/wp\/v2\/product_tag?post=5230"},{"taxonomy":"woo-feed-brand","embeddable":true,"href":"https:\/\/agatres.co\/pt\/wp-json\/wp\/v2\/woo-feed-brand?post=5230"}],"curies":[{"name":"wp","href":"https:\/\/api.w.org\/{rel}","templated":true}]}}