{"id":5841,"date":"2026-02-09T15:28:36","date_gmt":"2026-02-09T18:28:36","guid":{"rendered":"https:\/\/agatres.co\/product\/lattafa-khashabi-100ml-edp-unissex\/"},"modified":"2026-04-29T09:02:47","modified_gmt":"2026-04-29T13:02:47","slug":"lattafa-khashabi-100ml-edp-unissex","status":"publish","type":"product","link":"https:\/\/agatres.co\/pt\/producto\/lattafa-khashabi-100ml-edp-unissex\/","title":{"rendered":"Perfume Lattafa Khashabi &#8211; Unisex EDP 100mL"},"content":{"rendered":"<p data-start=\"315\" data-end=\"659\">El Perfume Lattafa Khashabi destaca por su combinaci\u00f3n de notas amaderadas, especiadas y ambaradas, ofreciendo una experiencia profunda, c\u00e1lida y con gran car\u00e1cter. Dise\u00f1ado para quienes buscan una fragancia con personalidad fuerte y presencia, esta creaci\u00f3n transmite elegancia, sofisticaci\u00f3n y un estilo oriental moderno.<\/p>\n<p data-start=\"661\" data-end=\"1030\">Desde la primera aplicaci\u00f3n, se percibe una apertura especiada con matices c\u00e1lidos que aportan un impacto atractivo y envolvente. A medida que evoluciona, el aroma revela un coraz\u00f3n dominado por maderas y acordes arom\u00e1ticos que aportan profundidad y equilibrio. Finalmente, su base de \u00e1mbar, almizcle y maderas crea una estela duradera, intensa y altamente seductora.<\/p>\n<p data-start=\"1032\" data-end=\"1310\">Gracias a su excelente fijaci\u00f3n y proyecci\u00f3n moderada a alta, este perfume es ideal tanto para ocasiones especiales como para el uso diario en climas frescos. Su versatilidad lo convierte en una excelente opci\u00f3n para quienes buscan una fragancia elegante, moderna y memorable.<\/p>\n<p data-start=\"1312\" data-end=\"1425\">Este perfume es ideal para quienes desean destacar con una fragancia sofisticada, intensa y con gran presencia.<\/p>","protected":false},"excerpt":{"rendered":"<p>Perfume Lattafa Khashabi es una fragancia para hombre y mujeres con notas amaderadas, especiadas y ambaradas. Aroma intenso, elegante y sofisticado, ideal para d\u00eda y noche.<\/p>","protected":false},"featured_media":24819,"template":"","meta":{"_acf_changed":false,"rs_blank_template":"","rs_page_bg_color":"","slide_template_v7":""},"product_brand":[90],"product_cat":[88,233],"product_tag":[],"woo-feed-brand":[],"class_list":{"0":"post-5841","1":"product","2":"type-product","3":"status-publish","4":"has-post-thumbnail","6":"product_brand-lattafa","7":"product_cat-perfumes","8":"product_cat-unisex","10":"first","11":"outofstock","12":"purchasable","13":"product-type-simple"},"acf":[],"_links":{"self":[{"href":"https:\/\/agatres.co\/pt\/wp-json\/wp\/v2\/product\/5841","targetHints":{"allow":["GET"]}}],"collection":[{"href":"https:\/\/agatres.co\/pt\/wp-json\/wp\/v2\/product"}],"about":[{"href":"https:\/\/agatres.co\/pt\/wp-json\/wp\/v2\/types\/product"}],"version-history":[{"count":1,"href":"https:\/\/agatres.co\/pt\/wp-json\/wp\/v2\/product\/5841\/revisions"}],"predecessor-version":[{"id":13012,"href":"https:\/\/agatres.co\/pt\/wp-json\/wp\/v2\/product\/5841\/revisions\/13012"}],"wp:featuredmedia":[{"embeddable":true,"href":"https:\/\/agatres.co\/pt\/wp-json\/wp\/v2\/media\/24819"}],"wp:attachment":[{"href":"https:\/\/agatres.co\/pt\/wp-json\/wp\/v2\/media?parent=5841"}],"wp:term":[{"taxonomy":"product_brand","embeddable":true,"href":"https:\/\/agatres.co\/pt\/wp-json\/wp\/v2\/product_brand?post=5841"},{"taxonomy":"product_cat","embeddable":true,"href":"https:\/\/agatres.co\/pt\/wp-json\/wp\/v2\/product_cat?post=5841"},{"taxonomy":"product_tag","embeddable":true,"href":"https:\/\/agatres.co\/pt\/wp-json\/wp\/v2\/product_tag?post=5841"},{"taxonomy":"woo-feed-brand","embeddable":true,"href":"https:\/\/agatres.co\/pt\/wp-json\/wp\/v2\/woo-feed-brand?post=5841"}],"curies":[{"name":"wp","href":"https:\/\/api.w.org\/{rel}","templated":true}]}}