{"id":6023,"date":"2026-02-09T15:33:25","date_gmt":"2026-02-09T18:33:25","guid":{"rendered":"https:\/\/agatres.co\/product\/lattafa-shaheen-gold-100ml\/"},"modified":"2026-04-23T08:46:11","modified_gmt":"2026-04-23T12:46:11","slug":"lattafa-shaheen-gold-100ml","status":"publish","type":"product","link":"https:\/\/agatres.co\/pt\/producto\/lattafa-shaheen-gold-100ml\/","title":{"rendered":"Perfume Lattafa Shaheen Gold &#8211; Unisex EDP 100mL"},"content":{"rendered":"<p><span id=\"docs-internal-guid-c30ed5ff-7fff-7f9e-87d1-7940f7bf01f3\"><\/p>\n<p dir=\"ltr\" style=\"line-height: 1.38; margin-top: 12pt; margin-bottom: 12pt;\"><span style=\"font-size: 11pt; font-family: Arial, sans-serif; background-color: transparent; font-variant: normal; vertical-align: baseline; white-space: pre-wrap;\">El <\/span><span style=\"font-size: 11pt; font-family: Arial, sans-serif; background-color: transparent; font-variant: normal; vertical-align: baseline; white-space: pre-wrap;\">Perfume Lattafa Shaheen Gold &#8211; Unisex EDP 100mL<\/span><span style=\"font-size: 11pt; font-family: Arial, sans-serif; background-color: transparent; font-variant: normal; vertical-align: baseline; white-space: pre-wrap;\"> es una fragancia unisex que destaca por su sofisticada combinaci\u00f3n de notas frutales, arom\u00e1ticas y gourmand. Lanzado en 2022, este perfume ofrece una experiencia fresca, elegante y altamente vers\u00e1til, ideal para quienes buscan un aroma moderno con personalidad.<\/span><\/p>\n<p dir=\"ltr\" style=\"line-height: 1.38; margin-top: 12pt; margin-bottom: 12pt;\"><span style=\"font-size: 11pt; font-family: Arial, sans-serif; background-color: transparent; font-variant: normal; vertical-align: baseline; white-space: pre-wrap;\">Desde la primera aplicaci\u00f3n, se percibe una apertura vibrante y jugosa con <\/span><span style=\"font-size: 11pt; font-family: Arial, sans-serif; background-color: transparent; font-variant: normal; vertical-align: baseline; white-space: pre-wrap;\">pi\u00f1a y toronja (pomelo)<\/span><span style=\"font-size: 11pt; font-family: Arial, sans-serif; background-color: transparent; font-variant: normal; vertical-align: baseline; white-space: pre-wrap;\">, aportando un efecto fresco, dulce y energizante. A medida que evoluciona, el aroma revela un coraz\u00f3n elegante compuesto por <\/span><span style=\"font-size: 11pt; font-family: Arial, sans-serif; background-color: transparent; font-variant: normal; vertical-align: baseline; white-space: pre-wrap;\">higo y lavanda<\/span><span style=\"font-size: 11pt; font-family: Arial, sans-serif; background-color: transparent; font-variant: normal; vertical-align: baseline; white-space: pre-wrap;\">, brindando una sensaci\u00f3n suave, arom\u00e1tica y ligeramente cremosa. Finalmente, su base de <\/span><span style=\"font-size: 11pt; font-family: Arial, sans-serif; background-color: transparent; font-variant: normal; vertical-align: baseline; white-space: pre-wrap;\">vainilla, haba tonka y pachul\u00ed<\/span><span style=\"font-size: 11pt; font-family: Arial, sans-serif; background-color: transparent; font-variant: normal; vertical-align: baseline; white-space: pre-wrap;\"> crea una estela c\u00e1lida, envolvente y duradera, con un fondo dulce y sofisticado.<\/span><\/p>\n<p dir=\"ltr\" style=\"line-height: 1.38; margin-top: 12pt; margin-bottom: 12pt;\"><span style=\"font-size: 11pt; font-family: Arial, sans-serif; background-color: transparent; font-variant: normal; vertical-align: baseline; white-space: pre-wrap;\">Gracias a su buena fijaci\u00f3n y proyecci\u00f3n moderada a alta, este perfume es ideal tanto para uso diario como para ocasiones especiales. Su perfil frutal con fondo cremoso lo convierte en una excelente opci\u00f3n para quienes buscan una fragancia moderna, vers\u00e1til y con gran aceptaci\u00f3n.<\/span><\/p>\n<p dir=\"ltr\" style=\"line-height: 1.38; margin-top: 12pt; margin-bottom: 12pt;\"><span style=\"font-size: 11pt; font-family: Arial, sans-serif; background-color: transparent; font-variant: normal; vertical-align: baseline; white-space: pre-wrap;\">Este perfume es ideal para quienes desean destacar con una fragancia elegante, fresca y memorable.<\/span><\/p>\n<p><\/span><\/p>","protected":false},"excerpt":{"rendered":"<p>Perfume Lattafa Shaheen Gold es un perfume unisex con notas de pi\u00f1a, lavanda y vainilla. Fragancia frutal, elegante y envolvente, ideal para d\u00eda y noche.<\/p>","protected":false},"featured_media":25154,"template":"","meta":{"_acf_changed":false,"rs_blank_template":"","rs_page_bg_color":"","slide_template_v7":""},"product_brand":[90],"product_cat":[88,233],"product_tag":[],"woo-feed-brand":[],"class_list":{"0":"post-6023","1":"product","2":"type-product","3":"status-publish","4":"has-post-thumbnail","6":"product_brand-lattafa","7":"product_cat-perfumes","8":"product_cat-unisex","10":"first","11":"instock","12":"purchasable","13":"product-type-simple"},"acf":[],"_links":{"self":[{"href":"https:\/\/agatres.co\/pt\/wp-json\/wp\/v2\/product\/6023","targetHints":{"allow":["GET"]}}],"collection":[{"href":"https:\/\/agatres.co\/pt\/wp-json\/wp\/v2\/product"}],"about":[{"href":"https:\/\/agatres.co\/pt\/wp-json\/wp\/v2\/types\/product"}],"version-history":[{"count":1,"href":"https:\/\/agatres.co\/pt\/wp-json\/wp\/v2\/product\/6023\/revisions"}],"predecessor-version":[{"id":10687,"href":"https:\/\/agatres.co\/pt\/wp-json\/wp\/v2\/product\/6023\/revisions\/10687"}],"wp:featuredmedia":[{"embeddable":true,"href":"https:\/\/agatres.co\/pt\/wp-json\/wp\/v2\/media\/25154"}],"wp:attachment":[{"href":"https:\/\/agatres.co\/pt\/wp-json\/wp\/v2\/media?parent=6023"}],"wp:term":[{"taxonomy":"product_brand","embeddable":true,"href":"https:\/\/agatres.co\/pt\/wp-json\/wp\/v2\/product_brand?post=6023"},{"taxonomy":"product_cat","embeddable":true,"href":"https:\/\/agatres.co\/pt\/wp-json\/wp\/v2\/product_cat?post=6023"},{"taxonomy":"product_tag","embeddable":true,"href":"https:\/\/agatres.co\/pt\/wp-json\/wp\/v2\/product_tag?post=6023"},{"taxonomy":"woo-feed-brand","embeddable":true,"href":"https:\/\/agatres.co\/pt\/wp-json\/wp\/v2\/woo-feed-brand?post=6023"}],"curies":[{"name":"wp","href":"https:\/\/api.w.org\/{rel}","templated":true}]}}