{"id":6146,"date":"2026-03-08T14:30:57","date_gmt":"2026-03-08T17:30:57","guid":{"rendered":"https:\/\/agatres.co\/product\/al-wataniah-tiger-eye-100ml\/"},"modified":"2026-04-15T10:32:09","modified_gmt":"2026-04-15T14:32:09","slug":"al-wataniah-tiger-eye-100ml","status":"publish","type":"product","link":"https:\/\/agatres.co\/pt\/producto\/al-wataniah-tiger-eye-100ml\/","title":{"rendered":"AL WATANIAH TIGER EYE 100ML"},"content":{"rendered":"<p data-start=\"320\" data-end=\"642\">El <span data-start=\"323\" data-end=\"362\" style=\"\">Al Wataniah Tiger Eye Eau de Parfum<\/span> es una fragancia masculina intensa y sofisticada que combina notas especiadas, arom\u00e1ticas y amaderadas para crear un aroma elegante y poderoso. Inspirado en la fuerza y el car\u00e1cter de la piedra ojo de tigre, este perfume destaca por su personalidad c\u00e1lida, profunda y envolvente.<\/p>\n<p data-start=\"644\" data-end=\"986\">Desde la primera aplicaci\u00f3n, la fragancia abre con notas frescas y especiadas que aportan energ\u00eda y dinamismo. A medida que evoluciona, el coraz\u00f3n revela un perfil arom\u00e1tico equilibrado que a\u00f1ade elegancia y car\u00e1cter al aroma. Finalmente, su fondo c\u00e1lido y amaderado crea una base intensa que deja una estela masculina duradera y sofisticada.<\/p>\n<p data-start=\"988\" data-end=\"1219\">El <span data-start=\"991\" data-end=\"1016\" style=\"\">Al Wataniah Tiger Eye<\/span> es ideal para hombres que buscan una fragancia moderna dentro de la perfumer\u00eda \u00e1rabe, perfecta para destacar en eventos, salidas nocturnas o momentos en los que se desea proyectar seguridad y elegancia.<\/p>\n<p data-start=\"988\" data-end=\"1219\"><b>CARACTER\u00cdSTICAS<\/b><\/p>\n<li data-section-id=\"1vdpokd\" data-start=\"1245\" data-end=\"1311\">\n<ul>\n<li>Fragancia masculina con perfil oriental amaderado y especiado.<\/li>\n<li>Aroma intenso con buena duraci\u00f3n y proyecci\u00f3n.<\/li>\n<li>Equilibrio entre notas frescas, especiadas y c\u00e1lidas.<\/li>\n<li>Perfume elegante ideal para noche u ocasiones especiales.<\/li>\n<li>Estela masculina profunda y sofisticada.<\/li>\n<li>Inspirado en el estilo moderno de la perfumer\u00eda \u00e1rabe.<\/li>\n<\/ul>\n<\/li>\n<p data-start=\"988\" data-end=\"1219\"><b>NOTAS OLFATIVAS<\/b><\/p>\n<ul>\n<li><span data-start=\"1610\" data-end=\"1630\" style=\"\">Notas de salida:&nbsp;<\/span>Bergamota, pimienta negra y lim\u00f3n.<\/li>\n<li><span data-start=\"1669\" data-end=\"1690\">Notas de coraz\u00f3n:&nbsp;<\/span>Lavanda, cardamomo y geranio.<\/li>\n<li><span data-start=\"1724\" data-end=\"1743\">Notas de fondo:<\/span><strong data-start=\"1724\" data-end=\"1743\">&nbsp;<\/strong>\u00c1mbar, cedro, pachul\u00ed, almizcle y maderas c\u00e1lidas.<\/li>\n<\/ul>","protected":false},"excerpt":{"rendered":"<p>El Al Wataniah Tiger Eye Eau de Parfum es una fragancia masculina intensa y sofisticada que combina notas especiadas, arom\u00e1ticas<\/p>","protected":false},"featured_media":17217,"template":"","meta":{"_acf_changed":false,"rs_blank_template":"","rs_page_bg_color":"","slide_template_v7":""},"product_brand":[109],"product_cat":[231,88],"product_tag":[],"woo-feed-brand":[],"class_list":{"0":"post-6146","1":"product","2":"type-product","3":"status-publish","4":"has-post-thumbnail","6":"product_brand-al-wataniah","7":"product_cat-masculino","8":"product_cat-perfumes","10":"first","11":"instock","12":"purchasable","13":"product-type-simple"},"acf":[],"_links":{"self":[{"href":"https:\/\/agatres.co\/pt\/wp-json\/wp\/v2\/product\/6146","targetHints":{"allow":["GET"]}}],"collection":[{"href":"https:\/\/agatres.co\/pt\/wp-json\/wp\/v2\/product"}],"about":[{"href":"https:\/\/agatres.co\/pt\/wp-json\/wp\/v2\/types\/product"}],"version-history":[{"count":7,"href":"https:\/\/agatres.co\/pt\/wp-json\/wp\/v2\/product\/6146\/revisions"}],"predecessor-version":[{"id":24447,"href":"https:\/\/agatres.co\/pt\/wp-json\/wp\/v2\/product\/6146\/revisions\/24447"}],"wp:featuredmedia":[{"embeddable":true,"href":"https:\/\/agatres.co\/pt\/wp-json\/wp\/v2\/media\/17217"}],"wp:attachment":[{"href":"https:\/\/agatres.co\/pt\/wp-json\/wp\/v2\/media?parent=6146"}],"wp:term":[{"taxonomy":"product_brand","embeddable":true,"href":"https:\/\/agatres.co\/pt\/wp-json\/wp\/v2\/product_brand?post=6146"},{"taxonomy":"product_cat","embeddable":true,"href":"https:\/\/agatres.co\/pt\/wp-json\/wp\/v2\/product_cat?post=6146"},{"taxonomy":"product_tag","embeddable":true,"href":"https:\/\/agatres.co\/pt\/wp-json\/wp\/v2\/product_tag?post=6146"},{"taxonomy":"woo-feed-brand","embeddable":true,"href":"https:\/\/agatres.co\/pt\/wp-json\/wp\/v2\/woo-feed-brand?post=6146"}],"curies":[{"name":"wp","href":"https:\/\/api.w.org\/{rel}","templated":true}]}}