{"id":6647,"date":"2026-03-08T14:53:09","date_gmt":"2026-03-08T17:53:09","guid":{"rendered":"https:\/\/agatres.co\/product\/afnan-historic-olmeda-100ml\/"},"modified":"2026-04-17T08:16:13","modified_gmt":"2026-04-17T12:16:13","slug":"afnan-historic-olmeda-100ml","status":"publish","type":"product","link":"https:\/\/agatres.co\/pt\/producto\/afnan-historic-olmeda-100ml\/","title":{"rendered":"AFNAN HISTORIC OLMEDA 100ML"},"content":{"rendered":"<p data-start=\"339\" data-end=\"675\">El <span data-start=\"342\" data-end=\"367\">Afnan Historic Olmeda<\/span> es una fragancia moderna y sofisticada que combina notas frescas, c\u00edtricas y amaderadas para crear un aroma elegante y vers\u00e1til. Dise\u00f1ado para quienes buscan un perfume con personalidad, este aroma ofrece una experiencia olfativa equilibrada que destaca por su frescura inicial y su fondo c\u00e1lido y refinado.<\/p>\n<p data-start=\"677\" data-end=\"1040\">Desde el primer momento, la fragancia presenta una apertura vibrante con notas c\u00edtricas y arom\u00e1ticas que aportan energ\u00eda y frescura. A medida que evoluciona, el coraz\u00f3n revela acordes especiados y ligeramente florales que a\u00f1aden profundidad al aroma. Finalmente, su base amaderada y almizclada aporta una estela sofisticada que permanece en la piel durante horas.<\/p>\n<p data-start=\"1042\" data-end=\"1321\">El <span data-start=\"1045\" data-end=\"1070\">Afnan Historic Olmeda<\/span> es ideal para quienes buscan un perfume vers\u00e1til que pueda utilizarse tanto de d\u00eda como de noche. Su car\u00e1cter equilibrado lo convierte en una excelente opci\u00f3n dentro de la perfumer\u00eda \u00e1rabe contempor\u00e1nea, adecuada tanto para hombres como para mujeres.<\/p>\n<p data-start=\"1042\" data-end=\"1321\"><b>CARACTER\u00cdSTICAS<\/b><\/p>\n<li data-section-id=\"13hlo5k\" data-start=\"1347\" data-end=\"1407\">\n<ul>\n<li>Fragancia unisex con perfil fresco, c\u00edtrico y amaderado.<\/li>\n<li>Aroma equilibrado entre notas frescas, especiadas y c\u00e1lidas.<\/li>\n<li>Perfume vers\u00e1til ideal para uso diario o eventos especiales.<\/li>\n<li>Buena proyecci\u00f3n y duraci\u00f3n en la piel.<\/li>\n<li>Estela elegante y sofisticada.<\/li>\n<li>Ideal para quienes buscan perfumes \u00e1rabes modernos y refinados.<\/li>\n<\/ul>\n<\/li>\n<p data-start=\"1042\" data-end=\"1321\"><b>NOTAS OLFATIVAS<\/b><\/p>\n<ul>\n<li><span data-start=\"1708\" data-end=\"1728\" style=\"\">Notas de salida:\u00a0<\/span>Pomelo, pimienta rosa y cardamomo.<\/li>\n<li><span data-start=\"1767\" data-end=\"1788\">Notas de coraz\u00f3n:\u00a0<\/span>Lavanda, notas arom\u00e1ticas y acordes especiados.<\/li>\n<li><span data-start=\"1840\" data-end=\"1859\">Notas de fond<\/span><span data-start=\"1840\" data-end=\"1859\" style=\"box-sizing: border-box; color: rgb(0, 0, 0); font-family: sans-serif; font-size: 14px; font-style: normal; font-variant-ligatures: normal; font-variant-caps: normal; letter-spacing: normal; orphans: 2; text-align: start; text-indent: 0px; text-transform: none; widows: 2; word-spacing: 0px; -webkit-text-stroke-width: 0px; white-space: normal; background-color: rgb(255, 255, 255); text-decoration-thickness: initial; text-decoration-style: initial; text-decoration-color: initial;\">o<\/span><span data-start=\"1840\" data-end=\"1859\">:\u00a0<\/span>\u00c1mbar, cedro, pachul\u00ed y almizcle.<\/li>\n<\/ul>","protected":false},"excerpt":{"rendered":"<p>El Afnan Historic Olmeda es una fragancia moderna y sofisticada que combina notas frescas, c\u00edtricas y amaderadas para crear un<\/p>","protected":false},"featured_media":19420,"template":"","meta":{"_acf_changed":false,"rs_blank_template":"","rs_page_bg_color":"","slide_template_v7":""},"product_brand":[94],"product_cat":[88,233],"product_tag":[],"woo-feed-brand":[],"class_list":{"0":"post-6647","1":"product","2":"type-product","3":"status-publish","4":"has-post-thumbnail","6":"product_brand-afnan","7":"product_cat-perfumes","8":"product_cat-unisex","10":"first","11":"instock","12":"purchasable","13":"product-type-simple"},"acf":[],"_links":{"self":[{"href":"https:\/\/agatres.co\/pt\/wp-json\/wp\/v2\/product\/6647","targetHints":{"allow":["GET"]}}],"collection":[{"href":"https:\/\/agatres.co\/pt\/wp-json\/wp\/v2\/product"}],"about":[{"href":"https:\/\/agatres.co\/pt\/wp-json\/wp\/v2\/types\/product"}],"version-history":[{"count":8,"href":"https:\/\/agatres.co\/pt\/wp-json\/wp\/v2\/product\/6647\/revisions"}],"predecessor-version":[{"id":24510,"href":"https:\/\/agatres.co\/pt\/wp-json\/wp\/v2\/product\/6647\/revisions\/24510"}],"wp:featuredmedia":[{"embeddable":true,"href":"https:\/\/agatres.co\/pt\/wp-json\/wp\/v2\/media\/19420"}],"wp:attachment":[{"href":"https:\/\/agatres.co\/pt\/wp-json\/wp\/v2\/media?parent=6647"}],"wp:term":[{"taxonomy":"product_brand","embeddable":true,"href":"https:\/\/agatres.co\/pt\/wp-json\/wp\/v2\/product_brand?post=6647"},{"taxonomy":"product_cat","embeddable":true,"href":"https:\/\/agatres.co\/pt\/wp-json\/wp\/v2\/product_cat?post=6647"},{"taxonomy":"product_tag","embeddable":true,"href":"https:\/\/agatres.co\/pt\/wp-json\/wp\/v2\/product_tag?post=6647"},{"taxonomy":"woo-feed-brand","embeddable":true,"href":"https:\/\/agatres.co\/pt\/wp-json\/wp\/v2\/woo-feed-brand?post=6647"}],"curies":[{"name":"wp","href":"https:\/\/api.w.org\/{rel}","templated":true}]}}