{"id":6793,"date":"2026-02-09T15:33:01","date_gmt":"2026-02-09T18:33:01","guid":{"rendered":"https:\/\/agatres.co\/product\/lattafa-khamrah-gift-set\/"},"modified":"2026-04-27T09:32:38","modified_gmt":"2026-04-27T13:32:38","slug":"lattafa-khamrah-gift-set","status":"publish","type":"product","link":"https:\/\/agatres.co\/pt\/producto\/lattafa-khamrah-gift-set\/","title":{"rendered":"Kit Lattafa Khamrah &#8211; Unisex EDP"},"content":{"rendered":"<p data-start=\"531\" data-end=\"729\">El <span data-start=\"534\" data-end=\"579\" style=\"\">Perfume Lattafa Khamrah Gift Set 3 Piezas<\/span> es una versi\u00f3n completa del ic\u00f3nico Khamrah, dise\u00f1ada para ofrecer una experiencia olfativa total a trav\u00e9s de distintos formatos. Este kit incluye:<\/p>\n<ul data-start=\"731\" data-end=\"866\">\n<li data-section-id=\"bvmtpx\" data-start=\"731\" data-end=\"758\">\n<span data-start=\"733\" data-end=\"756\">Eau de Parfum 100mL<\/span>\n<\/li>\n<li data-section-id=\"j8hl02\" data-start=\"759\" data-end=\"800\">\n<span data-start=\"761\" data-end=\"798\">Perfumed Spray (Body Spray) 200mL<\/span>\n<\/li>\n<li data-section-id=\"6077or\" data-start=\"801\" data-end=\"866\">\n<span data-start=\"803\" data-end=\"826\">Air Freshener 300mL<\/span> <span class=\"\" data-state=\"closed\"><\/span>\n<\/li>\n<\/ul>\n<p data-start=\"868\" data-end=\"1039\">A diferencia de otras versiones del set, esta combinaci\u00f3n est\u00e1 pensada para <span data-start=\"944\" data-end=\"975\">uso personal + ambientaci\u00f3n<\/span>, permitiendo extender el aroma en el cuerpo, ropa y espacios.<\/p>\n<p data-start=\"1041\" data-end=\"1098\">La fragancia mantiene el ADN caracter\u00edstico de Khamrah:<\/p>\n<ul data-start=\"1100\" data-end=\"1280\">\n<li data-section-id=\"1a8tuhe\" data-start=\"1100\" data-end=\"1147\">\n<span data-start=\"1102\" data-end=\"1113\">Salida:<\/span> Canela, nuez moscada, bergamota\n<\/li>\n<li data-section-id=\"14hdobk\" data-start=\"1148\" data-end=\"1191\">\n<span data-start=\"1150\" data-end=\"1162\">Coraz\u00f3n:<\/span> D\u00e1tiles, pralin\u00e9, tuberosa\n<\/li>\n<li data-section-id=\"1wfcb8k\" data-start=\"1192\" data-end=\"1280\">\n<span data-start=\"1194\" data-end=\"1204\">Fondo:<\/span> Vainilla, haba tonka, benju\u00ed, \u00e1mbar <span class=\"\" data-state=\"closed\"><\/span>\n<\/li>\n<\/ul>\n<p data-start=\"1282\" data-end=\"1410\">El resultado es un aroma <span data-start=\"1307\" data-end=\"1329\">gourmand especiado<\/span>, c\u00e1lido, dulce y altamente adictivo, con gran proyecci\u00f3n y excelente duraci\u00f3n.<\/p>\n<p data-start=\"1412\" data-end=\"1604\">Gracias al uso combinado (perfume + spray + ambientador), este set permite crear un efecto envolvente completo, ideal para quienes buscan una fragancia intensa y duradera en todo su entorno.<\/p>\n<p data-start=\"1606\" data-end=\"1696\">Este set es ideal para quienes desean una experiencia premium, intensa y multifuncional.<\/p>","protected":false},"excerpt":{"rendered":"<p>Perfume Lattafa Khamrah Gift Set incluye EDP, spray corporal y air freshener. Fragancia gourmand dulce, especiada y c\u00e1lida, ideal para uso completo y regalo.<\/p>","protected":false},"featured_media":25458,"template":"","meta":{"_acf_changed":false,"rs_blank_template":"","rs_page_bg_color":"","slide_template_v7":""},"product_brand":[90],"product_cat":[88,233],"product_tag":[],"woo-feed-brand":[],"class_list":{"0":"post-6793","1":"product","2":"type-product","3":"status-publish","4":"has-post-thumbnail","6":"product_brand-lattafa","7":"product_cat-perfumes","8":"product_cat-unisex","10":"first","11":"outofstock","12":"purchasable","13":"product-type-simple"},"acf":[],"_links":{"self":[{"href":"https:\/\/agatres.co\/pt\/wp-json\/wp\/v2\/product\/6793","targetHints":{"allow":["GET"]}}],"collection":[{"href":"https:\/\/agatres.co\/pt\/wp-json\/wp\/v2\/product"}],"about":[{"href":"https:\/\/agatres.co\/pt\/wp-json\/wp\/v2\/types\/product"}],"version-history":[{"count":1,"href":"https:\/\/agatres.co\/pt\/wp-json\/wp\/v2\/product\/6793\/revisions"}],"predecessor-version":[{"id":13011,"href":"https:\/\/agatres.co\/pt\/wp-json\/wp\/v2\/product\/6793\/revisions\/13011"}],"wp:featuredmedia":[{"embeddable":true,"href":"https:\/\/agatres.co\/pt\/wp-json\/wp\/v2\/media\/25458"}],"wp:attachment":[{"href":"https:\/\/agatres.co\/pt\/wp-json\/wp\/v2\/media?parent=6793"}],"wp:term":[{"taxonomy":"product_brand","embeddable":true,"href":"https:\/\/agatres.co\/pt\/wp-json\/wp\/v2\/product_brand?post=6793"},{"taxonomy":"product_cat","embeddable":true,"href":"https:\/\/agatres.co\/pt\/wp-json\/wp\/v2\/product_cat?post=6793"},{"taxonomy":"product_tag","embeddable":true,"href":"https:\/\/agatres.co\/pt\/wp-json\/wp\/v2\/product_tag?post=6793"},{"taxonomy":"woo-feed-brand","embeddable":true,"href":"https:\/\/agatres.co\/pt\/wp-json\/wp\/v2\/woo-feed-brand?post=6793"}],"curies":[{"name":"wp","href":"https:\/\/api.w.org\/{rel}","templated":true}]}}