{"id":7074,"date":"2026-02-09T15:32:49","date_gmt":"2026-02-09T18:32:49","guid":{"rendered":"https:\/\/agatres.co\/product\/lattafa-art-of-arabia-iii-100ml\/"},"modified":"2026-04-25T10:46:36","modified_gmt":"2026-04-25T14:46:36","slug":"lattafa-art-of-arabia-iii-100ml","status":"publish","type":"product","link":"https:\/\/agatres.co\/pt\/producto\/lattafa-art-of-arabia-iii-100ml\/","title":{"rendered":"Perfume Lattafa Pride Art of Arabia III &#8211; Unisex EDP 100mL"},"content":{"rendered":"<p data-start=\"369\" data-end=\"714\">El <span data-start=\"372\" data-end=\"434\" style=\"\">Perfume Lattafa Pride Art of Arabia III &#8211; Unisex EDP 100mL<\/span> es una fragancia que representa el lado m\u00e1s opulento y profundo de la perfumer\u00eda \u00e1rabe. Lanzado en 2023, este perfume destaca por su car\u00e1cter oriental, especiado y resinoso, con una composici\u00f3n rica y envolvente que evoca lujo y tradici\u00f3n. <span class=\"\" data-state=\"closed\"><\/span><\/p>\n<p data-start=\"716\" data-end=\"939\">Desde la primera aplicaci\u00f3n, se percibe una apertura intensa con <span data-start=\"781\" data-end=\"823\">davana, ol\u00edbano (incienso) y bergamota<\/span>, aportando un efecto arom\u00e1tico, ligeramente dulce y ahumado muy distintivo. <span class=\"\" data-state=\"closed\"><\/span><\/p>\n<p data-start=\"941\" data-end=\"1179\">A medida que evoluciona, el aroma revela un coraz\u00f3n profundo compuesto por <span data-start=\"1016\" data-end=\"1055\">d\u00e1tiles, tuberosa, tabaco y s\u00e1ndalo<\/span>, creando una sensaci\u00f3n dulce, cremosa y especiada con un car\u00e1cter oriental marcado. <span class=\"\" data-state=\"closed\"><\/span><\/p>\n<p data-start=\"1181\" data-end=\"1407\">Finalmente, su base de <span data-start=\"1204\" data-end=\"1253\">haba tonka, mirra, vainilla, l\u00e1dano y pachul\u00ed<\/span> genera una estela c\u00e1lida, resinosa y altamente duradera, con un fondo dulce-amaderado muy elegante y sofisticado. <span class=\"\" data-state=\"closed\"><\/span><\/p>\n<p data-start=\"1409\" data-end=\"1671\">Gracias a su alta fijaci\u00f3n y proyecci\u00f3n, este perfume es ideal para noches, eventos especiales y climas frescos. Su perfil lo posiciona claramente dentro del estilo <span data-start=\"1574\" data-end=\"1600\">niche oriental intenso<\/span>, pensado para quienes buscan una fragancia con car\u00e1cter y presencia.<\/p>\n<p data-start=\"1673\" data-end=\"1773\">Este perfume es ideal para quienes desean destacar con una fragancia lujosa, profunda y memorable.<\/p>","protected":false},"excerpt":{"rendered":"<p>Perfume Lattafa Art of Arabia III es un perfume unisex con notas de incienso, d\u00e1tiles y vainilla. Fragancia oriental, intensa y sofisticada, ideal para noche.<\/p>","protected":false},"featured_media":25440,"template":"","meta":{"_acf_changed":false,"rs_blank_template":"","rs_page_bg_color":"","slide_template_v7":""},"product_brand":[90],"product_cat":[88,233],"product_tag":[],"woo-feed-brand":[],"class_list":{"0":"post-7074","1":"product","2":"type-product","3":"status-publish","4":"has-post-thumbnail","6":"product_brand-lattafa","7":"product_cat-perfumes","8":"product_cat-unisex","10":"first","11":"outofstock","12":"purchasable","13":"product-type-simple"},"acf":[],"_links":{"self":[{"href":"https:\/\/agatres.co\/pt\/wp-json\/wp\/v2\/product\/7074","targetHints":{"allow":["GET"]}}],"collection":[{"href":"https:\/\/agatres.co\/pt\/wp-json\/wp\/v2\/product"}],"about":[{"href":"https:\/\/agatres.co\/pt\/wp-json\/wp\/v2\/types\/product"}],"version-history":[{"count":1,"href":"https:\/\/agatres.co\/pt\/wp-json\/wp\/v2\/product\/7074\/revisions"}],"predecessor-version":[{"id":12998,"href":"https:\/\/agatres.co\/pt\/wp-json\/wp\/v2\/product\/7074\/revisions\/12998"}],"wp:featuredmedia":[{"embeddable":true,"href":"https:\/\/agatres.co\/pt\/wp-json\/wp\/v2\/media\/25440"}],"wp:attachment":[{"href":"https:\/\/agatres.co\/pt\/wp-json\/wp\/v2\/media?parent=7074"}],"wp:term":[{"taxonomy":"product_brand","embeddable":true,"href":"https:\/\/agatres.co\/pt\/wp-json\/wp\/v2\/product_brand?post=7074"},{"taxonomy":"product_cat","embeddable":true,"href":"https:\/\/agatres.co\/pt\/wp-json\/wp\/v2\/product_cat?post=7074"},{"taxonomy":"product_tag","embeddable":true,"href":"https:\/\/agatres.co\/pt\/wp-json\/wp\/v2\/product_tag?post=7074"},{"taxonomy":"woo-feed-brand","embeddable":true,"href":"https:\/\/agatres.co\/pt\/wp-json\/wp\/v2\/woo-feed-brand?post=7074"}],"curies":[{"name":"wp","href":"https:\/\/api.w.org\/{rel}","templated":true}]}}