{"id":8233,"date":"2026-03-08T14:31:21","date_gmt":"2026-03-08T17:31:21","guid":{"rendered":"https:\/\/agatres.co\/product\/lattafa-khamrah-dukhan-100ml\/"},"modified":"2026-05-04T14:32:16","modified_gmt":"2026-05-04T18:32:16","slug":"lattafa-khamrah-dukhan-100ml","status":"publish","type":"product","link":"https:\/\/agatres.co\/pt\/producto\/lattafa-khamrah-dukhan-100ml\/","title":{"rendered":"Perfume Lattafa Khamrah Dukhan &#8211; Masculino EDP 100mL"},"content":{"rendered":"<p data-start=\"458\" data-end=\"763\">El <span data-start=\"461\" data-end=\"517\">Perfume Lattafa Khamrah Dukhan &#8211; Masculino EDP 100mL<\/span> es una fragancia masculina que destaca por su poderosa combinaci\u00f3n de notas especiadas, ahumadas y ambaradas. Inspirado en la tradici\u00f3n oriental del \u201cdukhan\u201d (humo), este perfume ofrece una experiencia profunda, intensa y altamente envolvente.<\/p>\n<p data-start=\"765\" data-end=\"1311\">Desde la primera aplicaci\u00f3n, se percibe una apertura vibrante y especiada con mandarina, pimento y especias ahumadas, aportando un efecto c\u00e1lido, picante y ligeramente c\u00edtrico. A medida que evoluciona, el aroma revela un coraz\u00f3n oscuro y sofisticado compuesto por incienso, l\u00e1dano, flor de azahar y pachul\u00ed, brindando una sensaci\u00f3n resinosa, misteriosa y elegante. Finalmente, su base de tabaco, \u00e1mbar, haba tonka, benju\u00ed y pralin\u00e9 crea una estela intensa, dulce y ahumada, con gran profundidad y duraci\u00f3n. <span class=\"\" data-state=\"closed\"><\/span><\/p>\n<p data-start=\"1313\" data-end=\"1587\">Gracias a su alta fijaci\u00f3n y proyecci\u00f3n potente, este perfume es ideal para noches, climas fr\u00edos y ocasiones especiales. Su car\u00e1cter oscuro y envolvente lo convierte en una excelente opci\u00f3n para quienes buscan una fragancia masculina intensa, moderna y con gran presencia.<\/p>\n<p data-start=\"1589\" data-end=\"1693\">Este perfume es ideal para quienes desean destacar con una fragancia sofisticada, potente y memorable.<\/p>","protected":false},"excerpt":{"rendered":"<p>Perfume Lattafa Khamrah Dukhan es un perfume masculino con notas de mandarina, incienso y tabaco. Fragancia intensa, ahumada y especiada, ideal para uso nocturno.<\/p>","protected":false},"featured_media":17239,"template":"","meta":{"_acf_changed":false,"rs_blank_template":"","rs_page_bg_color":"","slide_template_v7":""},"product_brand":[90],"product_cat":[231,88],"product_tag":[],"woo-feed-brand":[],"class_list":{"0":"post-8233","1":"product","2":"type-product","3":"status-publish","4":"has-post-thumbnail","6":"product_brand-lattafa","7":"product_cat-masculino","8":"product_cat-perfumes","10":"first","11":"instock","12":"purchasable","13":"product-type-simple"},"acf":[],"_links":{"self":[{"href":"https:\/\/agatres.co\/pt\/wp-json\/wp\/v2\/product\/8233","targetHints":{"allow":["GET"]}}],"collection":[{"href":"https:\/\/agatres.co\/pt\/wp-json\/wp\/v2\/product"}],"about":[{"href":"https:\/\/agatres.co\/pt\/wp-json\/wp\/v2\/types\/product"}],"version-history":[{"count":7,"href":"https:\/\/agatres.co\/pt\/wp-json\/wp\/v2\/product\/8233\/revisions"}],"predecessor-version":[{"id":24478,"href":"https:\/\/agatres.co\/pt\/wp-json\/wp\/v2\/product\/8233\/revisions\/24478"}],"wp:featuredmedia":[{"embeddable":true,"href":"https:\/\/agatres.co\/pt\/wp-json\/wp\/v2\/media\/17239"}],"wp:attachment":[{"href":"https:\/\/agatres.co\/pt\/wp-json\/wp\/v2\/media?parent=8233"}],"wp:term":[{"taxonomy":"product_brand","embeddable":true,"href":"https:\/\/agatres.co\/pt\/wp-json\/wp\/v2\/product_brand?post=8233"},{"taxonomy":"product_cat","embeddable":true,"href":"https:\/\/agatres.co\/pt\/wp-json\/wp\/v2\/product_cat?post=8233"},{"taxonomy":"product_tag","embeddable":true,"href":"https:\/\/agatres.co\/pt\/wp-json\/wp\/v2\/product_tag?post=8233"},{"taxonomy":"woo-feed-brand","embeddable":true,"href":"https:\/\/agatres.co\/pt\/wp-json\/wp\/v2\/woo-feed-brand?post=8233"}],"curies":[{"name":"wp","href":"https:\/\/api.w.org\/{rel}","templated":true}]}}