{"id":8502,"date":"2026-03-08T14:30:02","date_gmt":"2026-03-08T17:30:02","guid":{"rendered":"https:\/\/agatres.co\/product\/al-wataniah-oud-elixir-100ml\/"},"modified":"2026-04-15T14:16:12","modified_gmt":"2026-04-15T18:16:12","slug":"al-wataniah-oud-elixir-100ml","status":"publish","type":"product","link":"https:\/\/agatres.co\/pt\/producto\/al-wataniah-oud-elixir-100ml\/","title":{"rendered":"AL WATANIAH OUD ELIXIR 100ML"},"content":{"rendered":"<p data-start=\"343\" data-end=\"641\">El <span data-start=\"346\" data-end=\"386\">Al Wataniah Oud Elixir Eau de Parfum<\/span> es una fragancia intensa y sofisticada que resalta la riqueza del <strong data-start=\"453\" data-end=\"460\">oud<\/strong>, uno de los ingredientes m\u00e1s emblem\u00e1ticos de la perfumer\u00eda \u00e1rabe. Su composici\u00f3n combina notas amaderadas, especiadas y c\u00e1lidas para crear un aroma profundo, elegante y envolvente.<\/p>\n<p data-start=\"643\" data-end=\"1014\">Desde la primera aplicaci\u00f3n, la fragancia presenta una apertura arom\u00e1tica y especiada que aporta car\u00e1cter y personalidad. A medida que evoluciona, el coraz\u00f3n revela acordes c\u00e1lidos y ligeramente dulces que equilibran la intensidad del perfume. Finalmente, las notas de fondo dominadas por <span data-start=\"932\" data-end=\"966\">oud, \u00e1mbar y maderas profundas<\/span> proporcionan una estela duradera y sofisticada.<\/p>\n<p data-start=\"1016\" data-end=\"1314\">El <span data-start=\"1019\" data-end=\"1045\">Al Wataniah Oud Elixir<\/span> es ideal para quienes buscan un perfume con presencia y estilo dentro de la perfumer\u00eda \u00e1rabe. Su car\u00e1cter intenso lo convierte en una excelente opci\u00f3n para ocasiones especiales, eventos nocturnos o para quienes disfrutan de fragancias orientales con gran personalidad.<\/p>\n<p data-start=\"1016\" data-end=\"1314\"><b>CARACTER\u00cdSTICAS<\/b><\/p>\n<li data-section-id=\"vayaoo\" data-start=\"1340\" data-end=\"1391\">\n<ul>\n<li>Fragancia unisex con perfil oriental amaderado.<\/li>\n<li>Aroma intenso con presencia destacada de oud.<\/li>\n<li>Perfume elegante con excelente duraci\u00f3n y proyecci\u00f3n.<\/li>\n<li>Combinaci\u00f3n equilibrada de notas especiadas, c\u00e1lidas y amaderadas.<\/li>\n<li>Estela profunda y sofisticada t\u00edpica de la perfumer\u00eda \u00e1rabe.<\/li>\n<li>Ideal para quienes buscan perfumes intensos y distintivos.<\/li>\n<\/ul>\n<\/li>\n<p data-start=\"1016\" data-end=\"1314\"><b>NOTAS OLFATIVAS<\/b><\/p>\n<ul>\n<li><span data-start=\"1722\" data-end=\"1742\">Notas de salida:\u00a0<\/span>Pimienta negra, cardamomo y bergamota..<\/li>\n<li>Notas de coraz\u00f3n: Rosa, incienso y madera de cedro.<\/li>\n<li><span data-start=\"1857\" data-end=\"1876\">Notas de fondo:\u00a0<\/span>Oud (madera de agar), \u00e1mbar, almizcle, s\u00e1ndalo y pachul\u00ed.<\/li>\n<\/ul>","protected":false},"excerpt":{"rendered":"<p>El Al Wataniah Oud Elixir Eau de Parfum es una fragancia intensa y sofisticada que resalta la riqueza del oud,<\/p>","protected":false},"featured_media":17108,"template":"","meta":{"_acf_changed":false,"rs_blank_template":"","rs_page_bg_color":"","slide_template_v7":""},"product_brand":[109],"product_cat":[88,233],"product_tag":[],"woo-feed-brand":[],"class_list":{"0":"post-8502","1":"product","2":"type-product","3":"status-publish","4":"has-post-thumbnail","6":"product_brand-al-wataniah","7":"product_cat-perfumes","8":"product_cat-unisex","10":"first","11":"instock","12":"purchasable","13":"product-type-simple"},"acf":[],"_links":{"self":[{"href":"https:\/\/agatres.co\/pt\/wp-json\/wp\/v2\/product\/8502","targetHints":{"allow":["GET"]}}],"collection":[{"href":"https:\/\/agatres.co\/pt\/wp-json\/wp\/v2\/product"}],"about":[{"href":"https:\/\/agatres.co\/pt\/wp-json\/wp\/v2\/types\/product"}],"version-history":[{"count":7,"href":"https:\/\/agatres.co\/pt\/wp-json\/wp\/v2\/product\/8502\/revisions"}],"predecessor-version":[{"id":24425,"href":"https:\/\/agatres.co\/pt\/wp-json\/wp\/v2\/product\/8502\/revisions\/24425"}],"wp:featuredmedia":[{"embeddable":true,"href":"https:\/\/agatres.co\/pt\/wp-json\/wp\/v2\/media\/17108"}],"wp:attachment":[{"href":"https:\/\/agatres.co\/pt\/wp-json\/wp\/v2\/media?parent=8502"}],"wp:term":[{"taxonomy":"product_brand","embeddable":true,"href":"https:\/\/agatres.co\/pt\/wp-json\/wp\/v2\/product_brand?post=8502"},{"taxonomy":"product_cat","embeddable":true,"href":"https:\/\/agatres.co\/pt\/wp-json\/wp\/v2\/product_cat?post=8502"},{"taxonomy":"product_tag","embeddable":true,"href":"https:\/\/agatres.co\/pt\/wp-json\/wp\/v2\/product_tag?post=8502"},{"taxonomy":"woo-feed-brand","embeddable":true,"href":"https:\/\/agatres.co\/pt\/wp-json\/wp\/v2\/woo-feed-brand?post=8502"}],"curies":[{"name":"wp","href":"https:\/\/api.w.org\/{rel}","templated":true}]}}