{"id":8509,"date":"2026-03-08T14:40:25","date_gmt":"2026-03-08T17:40:25","guid":{"rendered":"https:\/\/agatres.co\/product\/al-wataniah-zaeem-100ml\/"},"modified":"2026-04-15T14:30:27","modified_gmt":"2026-04-15T18:30:27","slug":"al-wataniah-zaeem-100ml","status":"publish","type":"product","link":"https:\/\/agatres.co\/pt\/producto\/al-wataniah-zaeem-100ml\/","title":{"rendered":"AL WATANIAH ZAEEM 100ML"},"content":{"rendered":"<p data-start=\"310\" data-end=\"631\">El <span data-start=\"313\" data-end=\"348\">Al Wataniah Zaeem Eau de Parfum<\/span> es una fragancia masculina intensa que combina notas especiadas, arom\u00e1ticas y amaderadas para crear un aroma elegante y sofisticado. Inspirado en el car\u00e1cter fuerte y seguro del hombre moderno, este perfume destaca por su profundidad y una estela c\u00e1lida que permanece durante horas.<\/p>\n<p data-start=\"633\" data-end=\"981\">Desde la primera aplicaci\u00f3n, la fragancia se abre con un toque vibrante y especiado que aporta energ\u00eda y personalidad. Con el paso del tiempo, el coraz\u00f3n revela una composici\u00f3n arom\u00e1tica equilibrada que a\u00f1ade elegancia al aroma. Finalmente, las notas de fondo amaderadas y c\u00e1lidas crean una base intensa y masculina que deja una impresi\u00f3n duradera.<\/p>\n<p data-start=\"983\" data-end=\"1224\">El <span data-start=\"986\" data-end=\"1007\">Al Wataniah Zaeem<\/span> es ideal para hombres que buscan una fragancia con car\u00e1cter dentro de la perfumer\u00eda \u00e1rabe moderna, perfecta para ocasiones especiales, eventos nocturnos o momentos en los que se desea proyectar seguridad y elegancia.<\/p>\n<p data-start=\"983\" data-end=\"1224\"><b>CARACTER\u00cdSTICAS<\/b><\/p>\n<li data-section-id=\"1vdpokd\" data-start=\"1250\" data-end=\"1316\">\n<ul>\n<li>Fragancia masculina con perfil oriental amaderado y especiado.<\/li>\n<li>Aroma intenso con buena duraci\u00f3n y proyecci\u00f3n.<\/li>\n<li>Equilibrio entre notas frescas, especiadas y c\u00e1lidas.<\/li>\n<li>Perfume elegante ideal para uso nocturno o eventos especiales.<\/li>\n<li>Estela masculina profunda y sofisticada.<\/li>\n<li>Inspirado en la perfumer\u00eda \u00e1rabe moderna.<\/li>\n<\/ul>\n<\/li>\n<p data-start=\"983\" data-end=\"1224\"><b>NOTAS OLFATIVAS<\/b><\/p>\n<ul>\n<li>Notas de salida:\u00a0Bergamota, lim\u00f3n y pimienta negra.<\/li>\n<li><span data-start=\"1666\" data-end=\"1687\">Notas de coraz\u00f3n:\u00a0<\/span>Lavanda, cardamomo y geranio.<\/li>\n<li><span data-start=\"1721\" data-end=\"1740\">Notas de fondo:<\/span><strong data-start=\"1721\" data-end=\"1740\">\u00a0<\/strong>\u00c1mbar, cedro, pachul\u00ed, almizcle y maderas c\u00e1lidas.<\/li>\n<\/ul>","protected":false},"excerpt":{"rendered":"<p>El Al Wataniah Zaeem Eau de Parfum es una fragancia masculina intensa que combina notas especiadas, arom\u00e1ticas y amaderadas para<\/p>","protected":false},"featured_media":18164,"template":"","meta":{"_acf_changed":false,"rs_blank_template":"","rs_page_bg_color":"","slide_template_v7":""},"product_brand":[109],"product_cat":[231,88],"product_tag":[],"woo-feed-brand":[],"class_list":{"0":"post-8509","1":"product","2":"type-product","3":"status-publish","4":"has-post-thumbnail","6":"product_brand-al-wataniah","7":"product_cat-masculino","8":"product_cat-perfumes","10":"first","11":"instock","12":"purchasable","13":"product-type-simple"},"acf":[],"_links":{"self":[{"href":"https:\/\/agatres.co\/pt\/wp-json\/wp\/v2\/product\/8509","targetHints":{"allow":["GET"]}}],"collection":[{"href":"https:\/\/agatres.co\/pt\/wp-json\/wp\/v2\/product"}],"about":[{"href":"https:\/\/agatres.co\/pt\/wp-json\/wp\/v2\/types\/product"}],"version-history":[{"count":7,"href":"https:\/\/agatres.co\/pt\/wp-json\/wp\/v2\/product\/8509\/revisions"}],"predecessor-version":[{"id":24483,"href":"https:\/\/agatres.co\/pt\/wp-json\/wp\/v2\/product\/8509\/revisions\/24483"}],"wp:featuredmedia":[{"embeddable":true,"href":"https:\/\/agatres.co\/pt\/wp-json\/wp\/v2\/media\/18164"}],"wp:attachment":[{"href":"https:\/\/agatres.co\/pt\/wp-json\/wp\/v2\/media?parent=8509"}],"wp:term":[{"taxonomy":"product_brand","embeddable":true,"href":"https:\/\/agatres.co\/pt\/wp-json\/wp\/v2\/product_brand?post=8509"},{"taxonomy":"product_cat","embeddable":true,"href":"https:\/\/agatres.co\/pt\/wp-json\/wp\/v2\/product_cat?post=8509"},{"taxonomy":"product_tag","embeddable":true,"href":"https:\/\/agatres.co\/pt\/wp-json\/wp\/v2\/product_tag?post=8509"},{"taxonomy":"woo-feed-brand","embeddable":true,"href":"https:\/\/agatres.co\/pt\/wp-json\/wp\/v2\/woo-feed-brand?post=8509"}],"curies":[{"name":"wp","href":"https:\/\/api.w.org\/{rel}","templated":true}]}}