{"id":9216,"date":"2026-02-09T15:33:13","date_gmt":"2026-02-09T18:33:13","guid":{"rendered":"https:\/\/agatres.co\/product\/lattafa-petra-edp-100ml\/"},"modified":"2026-04-29T12:01:00","modified_gmt":"2026-04-29T16:01:00","slug":"lattafa-petra-edp-100ml","status":"publish","type":"product","link":"https:\/\/agatres.co\/pt\/producto\/lattafa-petra-edp-100ml\/","title":{"rendered":"Perfume Lattafa Petra &#8211; Femenino EDP 100mL"},"content":{"rendered":"<p data-start=\"291\" data-end=\"605\">El Perfume Lattafa Petra destaca por su combinaci\u00f3n de notas florales, dulces y ambaradas, ofreciendo una experiencia femenina, sofisticada y con gran personalidad. Dise\u00f1ado para quienes buscan una fragancia elegante y moderna, esta creaci\u00f3n transmite delicadeza, calidez y un estilo refinado.<\/p>\n<p data-start=\"607\" data-end=\"984\">Desde la primera aplicaci\u00f3n, se percibe una apertura suave y luminosa con matices ligeramente dulces que aportan una sensaci\u00f3n atractiva y armoniosa. A medida que evoluciona, el aroma revela un coraz\u00f3n floral elegante con acordes delicados que aportan feminidad y equilibrio. Finalmente, su base de \u00e1mbar, vainilla y almizcle crea una estela duradera, c\u00e1lida y muy seductora.<\/p>\n<p data-start=\"986\" data-end=\"1260\">Gracias a su buena fijaci\u00f3n y proyecci\u00f3n moderada a alta, este perfume es ideal tanto para el uso diario como para ocasiones especiales. Su versatilidad lo convierte en una excelente opci\u00f3n para quienes buscan una fragancia femenina sofisticada, moderna y f\u00e1cil de llevar.<\/p>\n<p data-start=\"1262\" data-end=\"1364\">Este perfume es ideal para quienes desean destacar con una fragancia elegante, delicada y memorable.<\/p>","protected":false},"excerpt":{"rendered":"<p>Perfume Lattafa Petra es una fragancia femenina con notas florales, dulces y ambaradas. Aroma elegante, moderno y envolvente, ideal para d\u00eda y noche.<\/p>","protected":false},"featured_media":25488,"template":"","meta":{"_acf_changed":false,"rs_blank_template":"","rs_page_bg_color":"","slide_template_v7":""},"product_brand":[90],"product_cat":[232,88],"product_tag":[],"woo-feed-brand":[],"class_list":{"0":"post-9216","1":"product","2":"type-product","3":"status-publish","4":"has-post-thumbnail","6":"product_brand-lattafa","7":"product_cat-femenino","8":"product_cat-perfumes","10":"first","11":"outofstock","12":"purchasable","13":"product-type-simple"},"acf":[],"_links":{"self":[{"href":"https:\/\/agatres.co\/pt\/wp-json\/wp\/v2\/product\/9216","targetHints":{"allow":["GET"]}}],"collection":[{"href":"https:\/\/agatres.co\/pt\/wp-json\/wp\/v2\/product"}],"about":[{"href":"https:\/\/agatres.co\/pt\/wp-json\/wp\/v2\/types\/product"}],"version-history":[{"count":1,"href":"https:\/\/agatres.co\/pt\/wp-json\/wp\/v2\/product\/9216\/revisions"}],"predecessor-version":[{"id":10666,"href":"https:\/\/agatres.co\/pt\/wp-json\/wp\/v2\/product\/9216\/revisions\/10666"}],"wp:featuredmedia":[{"embeddable":true,"href":"https:\/\/agatres.co\/pt\/wp-json\/wp\/v2\/media\/25488"}],"wp:attachment":[{"href":"https:\/\/agatres.co\/pt\/wp-json\/wp\/v2\/media?parent=9216"}],"wp:term":[{"taxonomy":"product_brand","embeddable":true,"href":"https:\/\/agatres.co\/pt\/wp-json\/wp\/v2\/product_brand?post=9216"},{"taxonomy":"product_cat","embeddable":true,"href":"https:\/\/agatres.co\/pt\/wp-json\/wp\/v2\/product_cat?post=9216"},{"taxonomy":"product_tag","embeddable":true,"href":"https:\/\/agatres.co\/pt\/wp-json\/wp\/v2\/product_tag?post=9216"},{"taxonomy":"woo-feed-brand","embeddable":true,"href":"https:\/\/agatres.co\/pt\/wp-json\/wp\/v2\/woo-feed-brand?post=9216"}],"curies":[{"name":"wp","href":"https:\/\/api.w.org\/{rel}","templated":true}]}}