{"id":9349,"date":"2026-03-08T14:58:13","date_gmt":"2026-03-08T17:58:13","guid":{"rendered":"https:\/\/agatres.co\/product\/born-to-stand-out-drunk-maple-50ml\/"},"modified":"2026-04-01T11:02:10","modified_gmt":"2026-04-01T15:02:10","slug":"born-to-stand-out-drunk-maple-50ml","status":"publish","type":"product","link":"https:\/\/agatres.co\/pt\/producto\/born-to-stand-out-drunk-maple-50ml\/","title":{"rendered":"BORN TO STAND OUT DRUNK MAPLE 50ML"},"content":{"rendered":"<p data-start=\"308\" data-end=\"627\">El <span data-start=\"311\" data-end=\"358\">Born To Stand Out Drunk Maple Eau de Parfum<\/span> es una fragancia unisex atrevida y adictiva que combina notas dulces, licorosas y amaderadas para crear un aroma profundo y envolvente. Dise\u00f1ado dentro de la perfumer\u00eda nicho contempor\u00e1nea, este perfume destaca por su car\u00e1cter gourmand intenso y su personalidad \u00fanica.<\/p>\n<p data-start=\"629\" data-end=\"1068\">Desde la primera aplicaci\u00f3n, la fragancia se abre con un acorde c\u00e1lido y licoroso que recuerda a bebidas a\u00f1ejadas y especias dulces. A medida que evoluciona, el coraz\u00f3n revela una mezcla rica y cremosa donde el <span data-start=\"840\" data-end=\"859\">jarabe de maple<\/span> se combina con notas gourmand que aportan profundidad y sensualidad. Finalmente, las notas de fondo amaderadas y ambaradas crean una base c\u00e1lida, elegante y duradera que deja una estela intensa y sofisticada.<\/p>\n<p data-start=\"1070\" data-end=\"1303\">El <span data-start=\"1073\" data-end=\"1106\">Born To Stand Out Drunk Maple<\/span> es ideal para quienes buscan una fragancia diferente, dulce pero compleja, perfecta para clima fr\u00edo, ocasiones especiales o para quienes disfrutan de perfumes gourmand intensos con car\u00e1cter nicho.<\/p>\n<p data-start=\"1070\" data-end=\"1303\"><b>CARACTER\u00cdSTICAS<\/b><\/p>\n<li data-section-id=\"f3cs6t\" data-start=\"1329\" data-end=\"1392\">\n<ul>\n<li>Fragancia <span data-start=\"1341\" data-end=\"1351\">unisex<\/span> con perfil gourmand dulce y amaderado.<\/li>\n<li>Aroma intenso con acordes licorosos y cremosos.<\/li>\n<li>Protagonismo del <span data-start=\"1464\" data-end=\"1490\">maple (jarabe de arce)<\/span> con matices c\u00e1lidos.<\/li>\n<li>Perfume nicho con personalidad \u00fanica.<\/li>\n<li>Excelente duraci\u00f3n y proyecci\u00f3n.<\/li>\n<li>Ideal para noches, clima fr\u00edo o eventos especiales.<\/li>\n<\/ul>\n<\/li>\n<p data-start=\"1070\" data-end=\"1303\"><b>NOTAS OLFATIVAS<\/b><\/p>\n<ul>\n<li><span data-start=\"1672\" data-end=\"1692\" style=\"\">Notas de salida:\u00a0<\/span>Acordes licorosos, especias dulces y notas c\u00e1lidas.<\/li>\n<li><span data-start=\"1748\" data-end=\"1769\">Notas de coraz\u00f3n:\u00a0<\/span>Jarabe de maple, acordes gourmand y matices dulces.<\/li>\n<li><span data-start=\"1825\" data-end=\"1844\">Notas de fondo:<\/span><strong data-start=\"1825\" data-end=\"1844\">\u00a0<\/strong>\u00c1mbar, maderas c\u00e1lidas, almizcle y vainilla.<\/li>\n<\/ul>","protected":false},"excerpt":{"rendered":"<p>El Born To Stand Out Drunk Maple Eau de Parfum es una fragancia unisex atrevida y adictiva que combina notas<\/p>","protected":false},"featured_media":19924,"template":"","meta":{"_acf_changed":false,"rs_blank_template":"","rs_page_bg_color":"","slide_template_v7":""},"product_brand":[128],"product_cat":[88,233],"product_tag":[],"woo-feed-brand":[],"class_list":{"0":"post-9349","1":"product","2":"type-product","3":"status-publish","4":"has-post-thumbnail","6":"product_brand-ard-al-zaafaran","7":"product_cat-perfumes","8":"product_cat-unisex","10":"first","11":"instock","12":"purchasable","13":"product-type-simple"},"acf":[],"_links":{"self":[{"href":"https:\/\/agatres.co\/pt\/wp-json\/wp\/v2\/product\/9349","targetHints":{"allow":["GET"]}}],"collection":[{"href":"https:\/\/agatres.co\/pt\/wp-json\/wp\/v2\/product"}],"about":[{"href":"https:\/\/agatres.co\/pt\/wp-json\/wp\/v2\/types\/product"}],"version-history":[{"count":9,"href":"https:\/\/agatres.co\/pt\/wp-json\/wp\/v2\/product\/9349\/revisions"}],"predecessor-version":[{"id":24526,"href":"https:\/\/agatres.co\/pt\/wp-json\/wp\/v2\/product\/9349\/revisions\/24526"}],"wp:featuredmedia":[{"embeddable":true,"href":"https:\/\/agatres.co\/pt\/wp-json\/wp\/v2\/media\/19924"}],"wp:attachment":[{"href":"https:\/\/agatres.co\/pt\/wp-json\/wp\/v2\/media?parent=9349"}],"wp:term":[{"taxonomy":"product_brand","embeddable":true,"href":"https:\/\/agatres.co\/pt\/wp-json\/wp\/v2\/product_brand?post=9349"},{"taxonomy":"product_cat","embeddable":true,"href":"https:\/\/agatres.co\/pt\/wp-json\/wp\/v2\/product_cat?post=9349"},{"taxonomy":"product_tag","embeddable":true,"href":"https:\/\/agatres.co\/pt\/wp-json\/wp\/v2\/product_tag?post=9349"},{"taxonomy":"woo-feed-brand","embeddable":true,"href":"https:\/\/agatres.co\/pt\/wp-json\/wp\/v2\/woo-feed-brand?post=9349"}],"curies":[{"name":"wp","href":"https:\/\/api.w.org\/{rel}","templated":true}]}}