{"id":9372,"date":"2026-03-08T14:48:39","date_gmt":"2026-03-08T17:48:39","guid":{"rendered":"https:\/\/agatres.co\/product\/lattafa-habik-for-men-100ml\/"},"modified":"2026-05-07T09:30:28","modified_gmt":"2026-05-07T13:30:28","slug":"lattafa-habik-for-men-100ml","status":"publish","type":"product","link":"https:\/\/agatres.co\/pt\/producto\/lattafa-habik-for-men-100ml\/","title":{"rendered":"Perfume Lattafa Habik For Men &#8211; Masculino EDP 100mL"},"content":{"rendered":"<p><span id=\"docs-internal-guid-fa3deb5a-7fff-ac6b-1494-74af8d082507\"><\/p>\n<p dir=\"ltr\" style=\"line-height:1.38;margin-top:12pt;margin-bottom:12pt;\"><span style=\"font-size: 11pt; font-family: Arial, sans-serif; background-color: transparent; font-variant-numeric: normal; font-variant-east-asian: normal; font-variant-alternates: normal; font-variant-position: normal; font-variant-emoji: normal; vertical-align: baseline; white-space-collapse: preserve;\">El <\/span><span style=\"font-size: 11pt; font-family: Arial, sans-serif; background-color: transparent; font-variant-numeric: normal; font-variant-east-asian: normal; font-variant-alternates: normal; font-variant-position: normal; font-variant-emoji: normal; vertical-align: baseline; white-space-collapse: preserve;\">Perfume Lattafa Habik For Men &#8211; Masculino EDP 100mL<\/span><span style=\"font-size: 11pt; font-family: Arial, sans-serif; background-color: transparent; font-variant-numeric: normal; font-variant-east-asian: normal; font-variant-alternates: normal; font-variant-position: normal; font-variant-emoji: normal; vertical-align: baseline; white-space-collapse: preserve;\"> es una fragancia masculina que destaca por su sofisticada combinaci\u00f3n de notas especiadas, arom\u00e1ticas y amaderadas. Lanzado en 2025, este perfume est\u00e1 dise\u00f1ado para el hombre moderno que busca un aroma elegante, seductor y con gran presencia.<\/span><\/p>\n<p dir=\"ltr\" style=\"line-height:1.38;margin-top:12pt;margin-bottom:12pt;\"><span style=\"font-size: 11pt; font-family: Arial, sans-serif; background-color: transparent; font-variant-numeric: normal; font-variant-east-asian: normal; font-variant-alternates: normal; font-variant-position: normal; font-variant-emoji: normal; vertical-align: baseline; white-space-collapse: preserve;\">Desde la primera aplicaci\u00f3n, se percibe una apertura vibrante y especiada con cardamomo, pimienta, abr\u00f3tano y bergamota, aportando un efecto fresco, herbal y ligeramente picante. A medida que evoluciona, el aroma revela un coraz\u00f3n arom\u00e1tico compuesto por lavanda, canela y salvia, brindando una sensaci\u00f3n elegante, c\u00e1lida y refinada. Finalmente, su base de s\u00e1ndalo, pachul\u00ed, haba tonka, amberwood y almizcle crea una estela profunda, cremosa y duradera.<\/span><\/p>\n<p dir=\"ltr\" style=\"line-height:1.38;margin-top:12pt;margin-bottom:12pt;\"><span style=\"font-size: 11pt; font-family: Arial, sans-serif; background-color: transparent; font-variant-numeric: normal; font-variant-east-asian: normal; font-variant-alternates: normal; font-variant-position: normal; font-variant-emoji: normal; vertical-align: baseline; white-space-collapse: preserve;\">Gracias a su buena fijaci\u00f3n y proyecci\u00f3n moderada a alta, este perfume es ideal para uso diario, citas o noches especiales. Su perfil especiado con fondo dulce-amaderado lo convierte en una excelente opci\u00f3n para quienes buscan una fragancia masculina moderna, vers\u00e1til y con alto poder de atracci\u00f3n.<\/span><\/p>\n<p dir=\"ltr\" style=\"line-height:1.38;margin-top:12pt;margin-bottom:12pt;\"><span style=\"font-size: 11pt; font-family: Arial, sans-serif; background-color: transparent; font-variant-numeric: normal; font-variant-east-asian: normal; font-variant-alternates: normal; font-variant-position: normal; font-variant-emoji: normal; vertical-align: baseline; white-space-collapse: preserve;\">Este perfume es ideal para quienes desean destacar con una fragancia elegante, seductora y memorable.<\/span><\/p>\n<p><\/span><\/p>","protected":false},"excerpt":{"rendered":"<p>Perfume Lattafa Habik For Men es un perfume masculino con notas de cardamomo, lavanda y haba tonka. Fragancia especiada, elegante y envolvente, ideal para d\u00eda y noche.<\/p>","protected":false},"featured_media":18998,"template":"","meta":{"_acf_changed":false,"rs_blank_template":"","rs_page_bg_color":"","slide_template_v7":""},"product_brand":[90],"product_cat":[231,88],"product_tag":[],"woo-feed-brand":[],"class_list":{"0":"post-9372","1":"product","2":"type-product","3":"status-publish","4":"has-post-thumbnail","6":"product_brand-lattafa","7":"product_cat-masculino","8":"product_cat-perfumes","10":"first","11":"instock","12":"purchasable","13":"product-type-simple"},"acf":[],"_links":{"self":[{"href":"https:\/\/agatres.co\/pt\/wp-json\/wp\/v2\/product\/9372","targetHints":{"allow":["GET"]}}],"collection":[{"href":"https:\/\/agatres.co\/pt\/wp-json\/wp\/v2\/product"}],"about":[{"href":"https:\/\/agatres.co\/pt\/wp-json\/wp\/v2\/types\/product"}],"version-history":[{"count":2,"href":"https:\/\/agatres.co\/pt\/wp-json\/wp\/v2\/product\/9372\/revisions"}],"predecessor-version":[{"id":18997,"href":"https:\/\/agatres.co\/pt\/wp-json\/wp\/v2\/product\/9372\/revisions\/18997"}],"wp:featuredmedia":[{"embeddable":true,"href":"https:\/\/agatres.co\/pt\/wp-json\/wp\/v2\/media\/18998"}],"wp:attachment":[{"href":"https:\/\/agatres.co\/pt\/wp-json\/wp\/v2\/media?parent=9372"}],"wp:term":[{"taxonomy":"product_brand","embeddable":true,"href":"https:\/\/agatres.co\/pt\/wp-json\/wp\/v2\/product_brand?post=9372"},{"taxonomy":"product_cat","embeddable":true,"href":"https:\/\/agatres.co\/pt\/wp-json\/wp\/v2\/product_cat?post=9372"},{"taxonomy":"product_tag","embeddable":true,"href":"https:\/\/agatres.co\/pt\/wp-json\/wp\/v2\/product_tag?post=9372"},{"taxonomy":"woo-feed-brand","embeddable":true,"href":"https:\/\/agatres.co\/pt\/wp-json\/wp\/v2\/woo-feed-brand?post=9372"}],"curies":[{"name":"wp","href":"https:\/\/api.w.org\/{rel}","templated":true}]}}